{"id":74,"date":"2023-09-04T18:31:08","date_gmt":"2023-09-04T16:31:08","guid":{"rendered":"https:\/\/rechtsanwalt-burghardt.com\/?page_id=74"},"modified":"2023-09-06T22:15:58","modified_gmt":"2023-09-06T20:15:58","slug":"impressum","status":"publish","type":"page","link":"https:\/\/rechtsanwalt-burghardt.com\/en\/impressum\/","title":{"rendered":"Imprint"},"content":{"rendered":"<div data-elementor-type=\"wp-page\" data-elementor-id=\"74\" class=\"elementor elementor-74\" data-elementor-post-type=\"page\">\n\t\t\t\t\t\t\t\t\t<section class=\"elementor-section elementor-top-section elementor-element elementor-element-ca64afe elementor-section-boxed elementor-section-height-default elementor-section-height-default\" data-id=\"ca64afe\" data-element_type=\"section\">\n\t\t\t\t\t\t<div class=\"elementor-container elementor-column-gap-default\">\n\t\t\t\t\t<div class=\"elementor-column elementor-col-100 elementor-top-column elementor-element elementor-element-2cacceb\" data-id=\"2cacceb\" data-element_type=\"column\">\n\t\t\t<div class=\"elementor-widget-wrap elementor-element-populated\">\n\t\t\t\t\t\t\t\t<div class=\"elementor-element elementor-element-51ca18a elementor-widget elementor-widget-heading\" data-id=\"51ca18a\" data-element_type=\"widget\" data-widget_type=\"heading.default\">\n\t\t\t\t<div class=\"elementor-widget-container\">\n\t\t\t<style>\/*! elementor - v3.15.0 - 20-08-2023 *\/\n.elementor-heading-title{padding:0;margin:0;line-height:1}.elementor-widget-heading .elementor-heading-title[class*=elementor-size-]>a{color:inherit;font-size:inherit;line-height:inherit}.elementor-widget-heading .elementor-heading-title.elementor-size-small{font-size:15px}.elementor-widget-heading .elementor-heading-title.elementor-size-medium{font-size:19px}.elementor-widget-heading .elementor-heading-title.elementor-size-large{font-size:29px}.elementor-widget-heading .elementor-heading-title.elementor-size-xl{font-size:39px}.elementor-widget-heading .elementor-heading-title.elementor-size-xxl{font-size:59px}<\/style><h2 class=\"elementor-heading-title elementor-size-default\">Imprint<\/h2>\t\t<\/div>\n\t\t\t\t<\/div>\n\t\t\t\t\t<\/div>\n\t\t<\/div>\n\t\t\t\t\t\t\t<\/div>\n\t\t<\/section>\n\t\t\t\t<section class=\"elementor-section elementor-top-section elementor-element elementor-element-a0dd143 elementor-section-boxed elementor-section-height-default elementor-section-height-default\" data-id=\"a0dd143\" data-element_type=\"section\">\n\t\t\t\t\t\t<div class=\"elementor-container elementor-column-gap-default\">\n\t\t\t\t\t<div class=\"elementor-column elementor-col-100 elementor-top-column elementor-element elementor-element-a4ba58f\" data-id=\"a4ba58f\" data-element_type=\"column\">\n\t\t\t<div class=\"elementor-widget-wrap elementor-element-populated\">\n\t\t\t\t\t\t\t\t<div class=\"elementor-element elementor-element-1b5b097 elementor-widget elementor-widget-text-editor\" data-id=\"1b5b097\" data-element_type=\"widget\" data-widget_type=\"text-editor.default\">\n\t\t\t\t<div class=\"elementor-widget-container\">\n\t\t\t<style>\/*! elementor - v3.15.0 - 20-08-2023 *\/\n.elementor-widget-text-editor.elementor-drop-cap-view-stacked .elementor-drop-cap{background-color:#69727d;color:#fff}.elementor-widget-text-editor.elementor-drop-cap-view-framed .elementor-drop-cap{color:#69727d;border:3px solid;background-color:transparent}.elementor-widget-text-editor:not(.elementor-drop-cap-view-default) .elementor-drop-cap{margin-top:8px}.elementor-widget-text-editor:not(.elementor-drop-cap-view-default) .elementor-drop-cap-letter{width:1em;height:1em}.elementor-widget-text-editor .elementor-drop-cap{float:left;text-align:center;line-height:1;font-size:50px}.elementor-widget-text-editor .elementor-drop-cap-letter{display:inline-block}<\/style>\t\t\t\t<p>Publisher<\/p>\n<p>Dirk Burghardt<\/p>\n<p>Erlbruchstra\u00dfe 4<\/p>\n<p>45549 Sprockh\u00f6vel<\/p>\n<p>Mail: dirk.burghardt@gmx.net<\/p>\n<p>Responsible for the content Dirk Burghardt<\/p>\n<p>Address see above<\/p>\n<p><\/p>\n<p><b>Professional title<\/b><\/p>\n<p><b>Competent chamber \/ supervisory authority<\/b>:<\/p>\n<p>Chamber of lawyers Hamm<\/p>\n<p>Ostenallee 18<\/p>\n<p>59063 Hamm<\/p>\n<p><b>Professional title<\/b>:&nbsp;<\/p>\n<p>Attorney at Law (awarded in Germany)<\/p>\n<p><\/p>\n<p><b>Underlying jurisdictions:<\/b><\/p>\n<ul>\n<li>Federal Lawyers' Act<\/li>\n<li>Professional code of conduct<\/li>\n<li>Lawyers' Fees Act<\/li>\n<li>Specialist lawyers' regulations<\/li>\n<li>Rules of professional conduct of lawyers of the European Union<\/li>\n<\/ul>\n<div><br><\/div>\n<div><b>Disclaimer&nbsp;<\/b><br>External links&nbsp;<br>The contents of external links are not checked by us. They are subject to the liability of the respective providers.&nbsp;<br><br><b>Legal information on this website&nbsp;<br><\/b>The contents of this website, in particular the legal contributions, are researched with the greatest possible care. Nevertheless, the provider assumes no liability for the accuracy, completeness and timeliness of the information provided. In particular, the information is of a general nature and does not constitute legal advice. The contributions reflect the opinion of the respective author.&nbsp;<br><br><b>Non-binding nature of information&nbsp;<br><\/b>Verbal or written information provided outside of a client relationship is non-binding.<\/div>\t\t\t\t\t\t<\/div>\n\t\t\t\t<\/div>\n\t\t\t\t\t<\/div>\n\t\t<\/div>\n\t\t\t\t\t\t\t<\/div>\n\t\t<\/section>\n\t\t\t\t\t\t\t<\/div>","protected":false},"excerpt":{"rendered":"<p>Impressum Herausgeber Dirk Burghardt Erlbruchstra\u00dfe 4 45549 Sprockh\u00f6vel Mail: dirk.burghardt@gmx.net Inhaltlich verantwortlich Dirk Burghardt Adresse s.o. Berufsbezeichnung Zust\u00e4ndige Kammer \/ Aufsichtsbeh\u00f6rde: Rechtsanwaltskammer Hamm Ostenallee 18 59063 Hamm Berufsbezeichnung:&nbsp; Rechtsanwalt (verliehen in Deutschland) Unterliegende Rechtsordnungen: Bundesrechtsanwaltsordnung Berufsordnung Rechtsanwaltsverg\u00fctungsgesetz Fachanwaltsordnung Berufsregeln der Rechtsanw\u00e4lte der Europ\u00e4ischen Union Haftungsausschluss&nbsp;Externe Links&nbsp;Die Inhalte externer Links werden von uns nicht gepr\u00fcft. Sie [&hellip;]<\/p>","protected":false},"author":1,"featured_media":0,"parent":0,"menu_order":0,"comment_status":"closed","ping_status":"closed","template":"elementor_header_footer","meta":{"footnotes":""},"class_list":["post-74","page","type-page","status-publish","hentry","entry"],"_links":{"self":[{"href":"https:\/\/rechtsanwalt-burghardt.com\/en\/wp-json\/wp\/v2\/pages\/74","targetHints":{"allow":["GET"]}}],"collection":[{"href":"https:\/\/rechtsanwalt-burghardt.com\/en\/wp-json\/wp\/v2\/pages"}],"about":[{"href":"https:\/\/rechtsanwalt-burghardt.com\/en\/wp-json\/wp\/v2\/types\/page"}],"author":[{"embeddable":true,"href":"https:\/\/rechtsanwalt-burghardt.com\/en\/wp-json\/wp\/v2\/users\/1"}],"replies":[{"embeddable":true,"href":"https:\/\/rechtsanwalt-burghardt.com\/en\/wp-json\/wp\/v2\/comments?post=74"}],"version-history":[{"count":10,"href":"https:\/\/rechtsanwalt-burghardt.com\/en\/wp-json\/wp\/v2\/pages\/74\/revisions"}],"predecessor-version":[{"id":1077,"href":"https:\/\/rechtsanwalt-burghardt.com\/en\/wp-json\/wp\/v2\/pages\/74\/revisions\/1077"}],"wp:attachment":[{"href":"https:\/\/rechtsanwalt-burghardt.com\/en\/wp-json\/wp\/v2\/media?parent=74"}],"curies":[{"name":"wp","href":"https:\/\/api.w.org\/{rel}","templated":true}]}}